{"id":1389,"date":"2020-05-12T11:12:49","date_gmt":"2020-05-12T11:12:49","guid":{"rendered":"https:\/\/www.jfortunyfabregas.com\/cart-3\/"},"modified":"2024-02-12T19:11:36","modified_gmt":"2024-02-12T18:11:36","slug":"cart","status":"publish","type":"page","link":"https:\/\/www.jfortunyfabregas.com\/en\/cart\/","title":{"rendered":"Cart"},"content":{"rendered":"\t\t<div data-elementor-type=\"wp-page\" data-elementor-id=\"1389\" class=\"elementor elementor-1389 elementor-8\" data-elementor-post-type=\"page\">\n\t\t\t\t\t\t<section class=\"elementor-section elementor-top-section elementor-element elementor-element-695c36e2 elementor-section-boxed elementor-section-height-default elementor-section-height-default\" data-id=\"695c36e2\" data-element_type=\"section\">\n\t\t\t\t\t\t<div class=\"elementor-container elementor-column-gap-default\">\n\t\t\t\t\t<div class=\"elementor-column elementor-col-100 elementor-top-column elementor-element elementor-element-47ebddf0\" data-id=\"47ebddf0\" data-element_type=\"column\">\n\t\t\t<div class=\"elementor-widget-wrap elementor-element-populated\">\n\t\t\t\t\t\t<div class=\"elementor-element elementor-element-7a0def5 elementor-widget elementor-widget-eael-woo-cart\" data-id=\"7a0def5\" data-element_type=\"widget\" data-settings=\"{&quot;eael_woo_cart_table_components_remove_icon&quot;:{&quot;value&quot;:&quot;fas fa-times&quot;,&quot;library&quot;:&quot;fa-solid&quot;},&quot;eael_woo_cart_components_continue_shopping_icon&quot;:{&quot;value&quot;:&quot;fas fa-chevron-left&quot;,&quot;library&quot;:&quot;fa-solid&quot;}}\" data-widget_type=\"eael-woo-cart.default\">\n\t\t\t\t<div class=\"elementor-widget-container\">\n\t\t\t\t\t\t\t\t\t<div class=\"eael-woo-cart-wrapper eael-woo-cart-empty eael-woo-style-2 eael-auto-update33\">\n\t\t\t\t<div class=\"woocommerce-notices-wrapper\"><\/div><div class=\"wc-empty-cart-message\">\n\t<div class=\"cart-empty woocommerce-info\" role=\"status\">\n\t\tYour cart is currently empty.\t<\/div>\n<\/div>\t<p class=\"return-to-shop\">\n\t\t<a class=\"button wc-backward\" href=\"https:\/\/www.jfortunyfabregas.com\/en\/shop-online\/\">\n\t\t\tReturn to shop\t\t<\/a>\n\t<\/p>\n                <\/div>\n\t\t\t\t        <script>document.body.classList.add(\"eael-woo-cart\");<\/script>\n\t\t\t\t\t\t<\/div>\n\t\t\t\t<\/div>\n\t\t\t\t\t<\/div>\n\t\t<\/div>\n\t\t\t\t\t<\/div>\n\t\t<\/section>\n\t\t\t\t<\/div>\n\t\t","protected":false},"excerpt":{"rendered":"<p>Product Title Price Quantity Subtotal Barbas de Montsant 25,85&euro; Barbas de Montsant cantidad 25,85&euro; Macabeo Extremo 37,05&euro; Macabeo Extremo cantidad 37,05&euro; Cup\u00f3n: Apply Coupon Continue Shopping Update Cart Subtotal 62,90&euro; Env\u00edo Calcular env\u00edo Pa\u00eds o regi\u00f3n: Selecciona un pa\u00eds\/regi\u00f3n&hellip;Espa\u00f1aPortugal Regi\u00f3n \/ Provincia: Elige una opci\u00f3n&hellip;La Coru\u00f1a\u00c1lavaAlbaceteAlicanteAlmer\u00edaAsturias\u00c1vilaBadajozBalearesBarcelonaBurgosC\u00e1ceresC\u00e1dizCantabriaCastell\u00f3nCeutaCiudad RealC\u00f3rdobaCuencaGeronaGranadaGuadalajaraGuip\u00fazcoaHuelvaHuescaJa\u00e9nLa RiojaLas PalmasLe\u00f3nL\u00e9ridaLugoMadridM\u00e1lagaMelillaMurciaNavarraOrensePalenciaPontevedraSalamancaSanta Cruz de TenerifeSegoviaSevillaSoriaTarragonaTeruelToledoValenciaValladolidVizcayaZamoraZaragoza Ciudad: C\u00f3digo postal: &hellip; <\/p>\n<p class=\"link-more\"><a href=\"https:\/\/www.jfortunyfabregas.com\/en\/cart\/\" class=\"more-link\">Read More <span class=\"screen-reader-text\"> &#8220;Cart&#8221;<\/span><\/a><\/p>\n","protected":false},"author":1,"featured_media":0,"parent":0,"menu_order":0,"comment_status":"closed","ping_status":"closed","template":"","meta":{"_eb_attr":"","footnotes":""},"class_list":["post-1389","page","type-page","status-publish","hentry"],"_links":{"self":[{"href":"https:\/\/www.jfortunyfabregas.com\/en\/wp-json\/wp\/v2\/pages\/1389","targetHints":{"allow":["GET"]}}],"collection":[{"href":"https:\/\/www.jfortunyfabregas.com\/en\/wp-json\/wp\/v2\/pages"}],"about":[{"href":"https:\/\/www.jfortunyfabregas.com\/en\/wp-json\/wp\/v2\/types\/page"}],"author":[{"embeddable":true,"href":"https:\/\/www.jfortunyfabregas.com\/en\/wp-json\/wp\/v2\/users\/1"}],"replies":[{"embeddable":true,"href":"https:\/\/www.jfortunyfabregas.com\/en\/wp-json\/wp\/v2\/comments?post=1389"}],"version-history":[{"count":0,"href":"https:\/\/www.jfortunyfabregas.com\/en\/wp-json\/wp\/v2\/pages\/1389\/revisions"}],"wp:attachment":[{"href":"https:\/\/www.jfortunyfabregas.com\/en\/wp-json\/wp\/v2\/media?parent=1389"}],"curies":[{"name":"wp","href":"https:\/\/api.w.org\/{rel}","templated":true}]}}