{"id":11787,"date":"2023-12-18T15:13:02","date_gmt":"2023-12-18T14:13:02","guid":{"rendered":"https:\/\/www.jfortunyfabregas.com\/producto\/bruno-cava-brut-reserva\/"},"modified":"2025-11-17T12:25:11","modified_gmt":"2025-11-17T11:25:11","slug":"bruno-cava-brut-reserva","status":"publish","type":"product","link":"https:\/\/www.jfortunyfabregas.com\/ca\/producte\/bruno-cava-brut-reserva\/","title":{"rendered":"Bruno Cava Brut Reserva"},"content":{"rendered":"<p>Descobreix el nostre cava Brut del 2020, una expressi\u00f3 sublim de les varietats Xarel.lo, Macabeu, Parellada i Chardonnay!<\/p>\n<p>Provinents de vinyes situades en diverses altituds i orientacions, conreem amb pr\u00e0ctiques ecol\u00f2giques i regeneratives per a obtenir ra\u00efm de qualitat excepcional.<\/p>\n<p>Amb una verema meticulosa i t\u00e8cniques innovadores, aconseguim una maceraci\u00f3 pel\u00b7licular en premsa amb neu carb\u00f2nica i una fermentaci\u00f3 a baixa temperatura en dip\u00f2sit d&#8217;acer inoxidable. La crian\u00e7a m\u00ednima de 36 mesos en ampolla aporta complexitat i eleg\u00e0ncia.<\/p>\n<p>L&#8217;anyada 2020, marcada per condicions especials, ens va desafiar amb una brotada tardana i cops de calor. No obstant aix\u00f2, gr\u00e0cies a cures precises i poda en verd suau, aconseguim mantenir l&#8217;equilibri i obtenir una maduraci\u00f3 excepcional.<\/p>\n<p>Aquest cava es presenta visualment amb una bona capa de color groc p\u00e0l\u00b7lid i reflexos daurats, acompanyats d&#8217;una bombolla fina i persistent. En el seu perfil olfactori, destaquen les notes de fruites gebrades, codony i matisos de pastisseria i bals\u00e0mics.<\/p>\n<p>En boca, la llarga crian\u00e7a li confereix amplitud, densitat i estructura notable, oferint una experi\u00e8ncia prolongada i persistent. Serveix aquest cava entre 6\u00b0 i 8 \u00b0C per a gaudir plenament dels seus matisos, i acompanya qualsevol ocasi\u00f3, des de peixos i amanides fins a carns vermelles i guisats suaus.<\/p>\n<p>Eleva els teus moments especials amb aquesta joia del nostre celler!<\/p>\n","protected":false},"excerpt":{"rendered":"<p>Descobreix el nostre exclusiu cava Brut 2020, una mescla sublim de Xarel\u00b7lo, Macabeu, Parellada i Chardonnay conreades de manera ecol\u00f2gica i regenerativa. L&#8217;anyada desafiadora de 2020 es va superar amb cures precises, resultant en un cava de color groc p\u00e0l\u00b7lid amb bombolla fina i persistent. La seva crian\u00e7a m\u00ednima de 36 mesos aporta amplitud i estructura, amb notes de fruites gebrades i elegants matisos. Gaudeix entre 6\u00b0 i 8 \u00b0C, maridant amb peixos, amanides o carns. Eleva els teus moments especials amb aquesta joia del nostre celler.<\/p>\n<p><a title=\"Fitxa Tecnica Cava Bruno\" href=\"https:\/\/www.jfortunyfabregas.com\/ficha\/Cava_Bruno.pdf\" target=\"_blank\" rel=\"noopener\">Veure aqu\u00ed la seva fitxa t\u00e8cnica<\/a><\/p>\n","protected":false},"featured_media":11784,"template":"","meta":{"_eb_attr":""},"product_brand":[],"product_cat":[205],"product_tag":[229,255,219,207,248,184,249,250],"class_list":{"0":"post-11787","1":"product","2":"type-product","3":"status-publish","4":"has-post-thumbnail","6":"product_cat-cavas-celler-jfortunyfabregas","7":"product_tag-2020-ca","8":"product_tag-burbuja-fina-y-persistente-ca","9":"product_tag-cava-brut-reserva-ca","10":"product_tag-cava-ecologico-ca","11":"product_tag-chardonnay-ca","12":"product_tag-macabeo-ca","13":"product_tag-parellada-ca","14":"product_tag-xarel-lo-ca","16":"first","17":"instock","18":"taxable","19":"shipping-taxable","20":"purchasable","21":"product-type-simple"},"_links":{"self":[{"href":"https:\/\/www.jfortunyfabregas.com\/ca\/wp-json\/wp\/v2\/product\/11787","targetHints":{"allow":["GET"]}}],"collection":[{"href":"https:\/\/www.jfortunyfabregas.com\/ca\/wp-json\/wp\/v2\/product"}],"about":[{"href":"https:\/\/www.jfortunyfabregas.com\/ca\/wp-json\/wp\/v2\/types\/product"}],"version-history":[{"count":1,"href":"https:\/\/www.jfortunyfabregas.com\/ca\/wp-json\/wp\/v2\/product\/11787\/revisions"}],"predecessor-version":[{"id":13523,"href":"https:\/\/www.jfortunyfabregas.com\/ca\/wp-json\/wp\/v2\/product\/11787\/revisions\/13523"}],"wp:featuredmedia":[{"embeddable":true,"href":"https:\/\/www.jfortunyfabregas.com\/ca\/wp-json\/wp\/v2\/media\/11784"}],"wp:attachment":[{"href":"https:\/\/www.jfortunyfabregas.com\/ca\/wp-json\/wp\/v2\/media?parent=11787"}],"wp:term":[{"taxonomy":"product_brand","embeddable":true,"href":"https:\/\/www.jfortunyfabregas.com\/ca\/wp-json\/wp\/v2\/product_brand?post=11787"},{"taxonomy":"product_cat","embeddable":true,"href":"https:\/\/www.jfortunyfabregas.com\/ca\/wp-json\/wp\/v2\/product_cat?post=11787"},{"taxonomy":"product_tag","embeddable":true,"href":"https:\/\/www.jfortunyfabregas.com\/ca\/wp-json\/wp\/v2\/product_tag?post=11787"}],"curies":[{"name":"wp","href":"https:\/\/api.w.org\/{rel}","templated":true}]}}