{"id":11356,"date":"2023-12-14T16:27:47","date_gmt":"2023-12-14T15:27:47","guid":{"rendered":"https:\/\/www.jfortunyfabregas.com\/?post_type=product&#038;p=11356"},"modified":"2025-11-17T12:20:41","modified_gmt":"2025-11-17T11:20:41","slug":"cava-alex-brut-crianza","status":"publish","type":"product","link":"https:\/\/www.jfortunyfabregas.com\/ca\/producte\/cava-alex-brut-crianza\/","title":{"rendered":"Alex Cava Brut"},"content":{"rendered":"<p>Descobreix l&#8217;excel\u00b7l\u00e8ncia embotellada en el nostre Cava Brut de l&#8217;anyada 2021, una obra mestra de la naturalesa i l&#8217;art de la viticultura. Amb una acurada selecci\u00f3 de ra\u00efm, conreades amb cura i respecte per l&#8217;entorn, aquest cava reflecteix l&#8217;ess\u00e8ncia \u00fanica de la regi\u00f3 i l&#8217;any en qu\u00e8 va n\u00e9ixer.<\/p>\n<p><strong>Caracter\u00edstiques Destacades:<\/strong><\/p>\n<p style=\"padding-left: 40px;\"><strong>\u2713 Varietats i Plantaci\u00f3<\/strong>: Un equilibri perfecte de xarel\u00b7lo de ceps vells, parellada d&#8217;altura, chardonnay i macabeu de ceps antics. Plantades en conducci\u00f3 en vas tradicional i espatllera, cada varietat aporta el seu car\u00e0cter \u00fanic.<\/p>\n<p style=\"padding-left: 40px;\"><strong>\u2713S\u00f2l i Orientaci\u00f3<\/strong>: Enclavades en la depressi\u00f3 pre litoral i la plana del Morgades, les nostres vinyes troben la seva llar en s\u00f2ls selectes, mentre que l&#8217;orientaci\u00f3 nord-est-sud-est maximitza l&#8217;expressi\u00f3 de cada cep.<\/p>\n<p style=\"padding-left: 40px;\"><strong>\u2713 Viticultura Sostenible:<\/strong> Compromesos amb l&#8217;ecologia i la regeneraci\u00f3, practiquem una viticultura de precisi\u00f3 amb rendiments entre 4.000 i 6.500 kg\/ha, garantint la qualitat des de la vinya fins a l&#8217;ampolla.<\/p>\n<p><strong>L&#8217;Art de l&#8217;Elaboraci\u00f3:<\/strong><\/p>\n<p style=\"padding-left: 40px;\"><strong>\u2713 Verema i Premsatge<\/strong>: La verema manual, realitzada amb selecci\u00f3 de ra\u00efms i en caixes de 15 quilos, preserva la integritat del ra\u00efm. El premsatge i maceraci\u00f3 es duen a terme amb t\u00e8cniques avan\u00e7ades per a capturar l&#8217;ess\u00e8ncia pura de les varietats.<\/p>\n<p style=\"padding-left: 40px;\"><strong>\u2713 Fermentaci\u00f3 i Crian\u00e7a:<\/strong> La fermentaci\u00f3 a baixa temperatura en dip\u00f2sit d&#8217;acer inoxidable i una crian\u00e7a m\u00ednima de 26 mesos en ampolla donen com a resultat un cava excepcional.<\/p>\n<p><strong>Perfil Sensorial:<\/strong><\/p>\n<p style=\"padding-left: 40px;\"><strong>\u2713 An\u00e0lisi Visual<\/strong>: Groc p\u00e0l\u00b7lid amb bombolla fina i persistent, aquest cava captiva a la vista.<\/p>\n<p style=\"padding-left: 40px;\"><strong>\u2713 Aromes i Sabors<\/strong>: Complexa intensitat arom\u00e0tica amb notes afruitades de pr\u00e9ssec, pinya i poma, acompanyades de frescos records d&#8217;herbes mediterr\u00e0nies.<\/p>\n<p style=\"padding-left: 40px;\"><strong>\u2713 Sensaci\u00f3 en Boca<\/strong>: Untu\u00f3s i fresc, amb bombolla ben integrada que ho fa llarg, persistent i llaminer.<\/p>\n<p><strong>Maridatge Perfecte:<\/strong><br \/>\nGaudeix aquest cava entre 6\u00b0 i 8 \u00b0C, maridant-lo amb qualsevol peix, amanides, arrossos, i fins i tot carns vermelles o guisats suaus. Cada xarrup \u00e9s un viatge sensorial que captura l&#8217;ess\u00e8ncia de la terra i l&#8217;art en cada copa.<\/p>\n","protected":false},"excerpt":{"rendered":"<p>Descobreix l&#8217;excel\u00b7l\u00e8ncia embotellada en el nostre Cava Brut de l&#8217;anyada 2021, una obra mestra de la naturalesa i l&#8217;art de la viticultura. Amb una acurada selecci\u00f3 de ra\u00efm, conreades amb cura i respecte per l&#8217;entorn, aquest cava reflecteix l&#8217;ess\u00e8ncia \u00fanica de la regi\u00f3 i l&#8217;any en qu\u00e8 va n\u00e9ixer.<br \/>\nGaudeix aquest cava entre 6\u00b0 i 8 \u00b0C, maridant-lo amb qualsevol peix, amanides, arrossos, i fins i tot carns vermelles o guisats suaus. Cada xarrup \u00e9s un viatge sensorial que captura l&#8217;ess\u00e8ncia de la terra i l&#8217;art en cada copa.<\/p>\n<p><a title=\"Fitxa T\u00e8cnica Cava Alex\" href=\"https:\/\/www.jfortunyfabregas.com\/ficha\/Cava_Alex.pdf\" target=\"_blank\" rel=\"noopener\">Veure aqu\u00ed la seva fitxa t\u00e8cnica<\/a><\/p>\n","protected":false},"featured_media":11359,"template":"","meta":{"_eb_attr":""},"product_brand":[],"product_cat":[205],"product_tag":[318,206,207,284,285],"class_list":{"0":"post-11356","1":"product","2":"type-product","3":"status-publish","4":"has-post-thumbnail","6":"product_cat-cavas-celler-jfortunyfabregas","7":"product_tag-318","8":"product_tag-cava-brut-ca","9":"product_tag-cava-ecologico-ca","10":"product_tag-guia-penin-90-ca","11":"product_tag-xarel-lo-ceps-vells","13":"first","14":"instock","15":"taxable","16":"shipping-taxable","17":"purchasable","18":"product-type-simple"},"_links":{"self":[{"href":"https:\/\/www.jfortunyfabregas.com\/ca\/wp-json\/wp\/v2\/product\/11356","targetHints":{"allow":["GET"]}}],"collection":[{"href":"https:\/\/www.jfortunyfabregas.com\/ca\/wp-json\/wp\/v2\/product"}],"about":[{"href":"https:\/\/www.jfortunyfabregas.com\/ca\/wp-json\/wp\/v2\/types\/product"}],"version-history":[{"count":1,"href":"https:\/\/www.jfortunyfabregas.com\/ca\/wp-json\/wp\/v2\/product\/11356\/revisions"}],"predecessor-version":[{"id":13526,"href":"https:\/\/www.jfortunyfabregas.com\/ca\/wp-json\/wp\/v2\/product\/11356\/revisions\/13526"}],"wp:featuredmedia":[{"embeddable":true,"href":"https:\/\/www.jfortunyfabregas.com\/ca\/wp-json\/wp\/v2\/media\/11359"}],"wp:attachment":[{"href":"https:\/\/www.jfortunyfabregas.com\/ca\/wp-json\/wp\/v2\/media?parent=11356"}],"wp:term":[{"taxonomy":"product_brand","embeddable":true,"href":"https:\/\/www.jfortunyfabregas.com\/ca\/wp-json\/wp\/v2\/product_brand?post=11356"},{"taxonomy":"product_cat","embeddable":true,"href":"https:\/\/www.jfortunyfabregas.com\/ca\/wp-json\/wp\/v2\/product_cat?post=11356"},{"taxonomy":"product_tag","embeddable":true,"href":"https:\/\/www.jfortunyfabregas.com\/ca\/wp-json\/wp\/v2\/product_tag?post=11356"}],"curies":[{"name":"wp","href":"https:\/\/api.w.org\/{rel}","templated":true}]}}