{"id":11026,"date":"2023-12-14T08:55:59","date_gmt":"2023-12-14T07:55:59","guid":{"rendered":"https:\/\/www.jfortunyfabregas.com\/?post_type=product&#038;p=11026"},"modified":"2023-12-18T18:14:23","modified_gmt":"2023-12-18T17:14:23","slug":"caja-3-unidades","status":"publish","type":"product","link":"https:\/\/www.jfortunyfabregas.com\/ca\/producte\/caja-3-unidades\/","title":{"rendered":"Caixa Regal 3 unitats"},"content":{"rendered":"","protected":false},"excerpt":{"rendered":"<p>Descobreix la nostra elegant Caixa Regal de 3 unitats per a la Col\u00b7lecci\u00f3 J. Fortuny F\u00e0bregas!<br \/>\nAmb un disseny acuradament elaborat, aquesta caixa no sols presenta els teus productes de manera encantadora, sin\u00f3 que tamb\u00e9 ofereix versatilitat. Pots usar-la per a qualsevol combinaci\u00f3 de 3 productes de la nostra col\u00b7lecci\u00f3, ja siguin iguals o diferents. Dona-li un toc especial als teus regals o exhibeix els teus favorits en aquesta bella caixa que s&#8217;adapta al teu estil.<br \/>\n<strong>Una elecci\u00f3 perfecta per a ressaltar el millor de la nostra col\u00b7lecci\u00f3! <\/strong>\ud83c\udf81\u2728<\/p>\n","protected":false},"featured_media":11409,"template":"","meta":{"_eb_attr":""},"product_brand":[],"product_cat":[212],"product_tag":[],"class_list":{"0":"post-11026","1":"product","2":"type-product","3":"status-publish","4":"has-post-thumbnail","6":"product_cat-caja-regalo-jfortunyfabregas","8":"first","9":"instock","10":"taxable","11":"shipping-taxable","12":"purchasable","13":"product-type-simple"},"_links":{"self":[{"href":"https:\/\/www.jfortunyfabregas.com\/ca\/wp-json\/wp\/v2\/product\/11026","targetHints":{"allow":["GET"]}}],"collection":[{"href":"https:\/\/www.jfortunyfabregas.com\/ca\/wp-json\/wp\/v2\/product"}],"about":[{"href":"https:\/\/www.jfortunyfabregas.com\/ca\/wp-json\/wp\/v2\/types\/product"}],"version-history":[{"count":0,"href":"https:\/\/www.jfortunyfabregas.com\/ca\/wp-json\/wp\/v2\/product\/11026\/revisions"}],"wp:featuredmedia":[{"embeddable":true,"href":"https:\/\/www.jfortunyfabregas.com\/ca\/wp-json\/wp\/v2\/media\/11409"}],"wp:attachment":[{"href":"https:\/\/www.jfortunyfabregas.com\/ca\/wp-json\/wp\/v2\/media?parent=11026"}],"wp:term":[{"taxonomy":"product_brand","embeddable":true,"href":"https:\/\/www.jfortunyfabregas.com\/ca\/wp-json\/wp\/v2\/product_brand?post=11026"},{"taxonomy":"product_cat","embeddable":true,"href":"https:\/\/www.jfortunyfabregas.com\/ca\/wp-json\/wp\/v2\/product_cat?post=11026"},{"taxonomy":"product_tag","embeddable":true,"href":"https:\/\/www.jfortunyfabregas.com\/ca\/wp-json\/wp\/v2\/product_tag?post=11026"}],"curies":[{"name":"wp","href":"https:\/\/api.w.org\/{rel}","templated":true}]}}