{"id":10861,"date":"2023-12-12T15:15:52","date_gmt":"2023-12-12T14:15:52","guid":{"rendered":"https:\/\/www.jfortunyfabregas.com\/producto\/caja-decorativa-1-unidad\/"},"modified":"2023-12-18T17:24:07","modified_gmt":"2023-12-18T16:24:07","slug":"caja-decorativa-1-unidad","status":"publish","type":"product","link":"https:\/\/www.jfortunyfabregas.com\/ca\/producte\/caja-decorativa-1-unidad\/","title":{"rendered":"Caixa 1 unitat"},"content":{"rendered":"","protected":false},"excerpt":{"rendered":"<p>Feix de cada regal una experi\u00e8ncia \u00fanica amb la nostra Caixa de Regal Exclusiva.<\/p>\n<p>Dissenyada per als amants del bon vi, aquesta caixa encapsula l&#8217;ess\u00e8ncia de la sofisticaci\u00f3. Descobreix la diversitat i qualitat excepcional dels nostres millors vins i caves, acuradament seleccionats per a real\u00e7ar moments especials. Un regal que transcendeix el temps i celebra l&#8217;art de gaudir del millor en cada xarrup.<\/p>\n<p>Eleva els teus regals amb el toc distintiu de la nostra col\u00b7lecci\u00f3 exclusiva!\ud83c\udf81\u2728<\/p>\n","protected":false},"featured_media":11400,"template":"","meta":{"_eb_attr":""},"product_brand":[],"product_cat":[212],"product_tag":[],"class_list":{"0":"post-10861","1":"product","2":"type-product","3":"status-publish","4":"has-post-thumbnail","6":"product_cat-caja-regalo-jfortunyfabregas","8":"first","9":"instock","10":"taxable","11":"shipping-taxable","12":"purchasable","13":"product-type-simple"},"_links":{"self":[{"href":"https:\/\/www.jfortunyfabregas.com\/ca\/wp-json\/wp\/v2\/product\/10861","targetHints":{"allow":["GET"]}}],"collection":[{"href":"https:\/\/www.jfortunyfabregas.com\/ca\/wp-json\/wp\/v2\/product"}],"about":[{"href":"https:\/\/www.jfortunyfabregas.com\/ca\/wp-json\/wp\/v2\/types\/product"}],"version-history":[{"count":0,"href":"https:\/\/www.jfortunyfabregas.com\/ca\/wp-json\/wp\/v2\/product\/10861\/revisions"}],"wp:featuredmedia":[{"embeddable":true,"href":"https:\/\/www.jfortunyfabregas.com\/ca\/wp-json\/wp\/v2\/media\/11400"}],"wp:attachment":[{"href":"https:\/\/www.jfortunyfabregas.com\/ca\/wp-json\/wp\/v2\/media?parent=10861"}],"wp:term":[{"taxonomy":"product_brand","embeddable":true,"href":"https:\/\/www.jfortunyfabregas.com\/ca\/wp-json\/wp\/v2\/product_brand?post=10861"},{"taxonomy":"product_cat","embeddable":true,"href":"https:\/\/www.jfortunyfabregas.com\/ca\/wp-json\/wp\/v2\/product_cat?post=10861"},{"taxonomy":"product_tag","embeddable":true,"href":"https:\/\/www.jfortunyfabregas.com\/ca\/wp-json\/wp\/v2\/product_tag?post=10861"}],"curies":[{"name":"wp","href":"https:\/\/api.w.org\/{rel}","templated":true}]}}