{"id":12009,"date":"2023-12-19T09:47:51","date_gmt":"2023-12-19T08:47:51","guid":{"rendered":"https:\/\/www.jfortunyfabregas.com\/politica-de-privacitat-xarxes-socials\/"},"modified":"2023-12-19T09:47:51","modified_gmt":"2023-12-19T08:47:51","slug":"politica-de-privacitat-xarxes-socials","status":"publish","type":"page","link":"https:\/\/www.jfortunyfabregas.com\/ca\/politica-de-privacitat-xarxes-socials\/","title":{"rendered":"Pol\u00edtica de privacitat xarxes socials"},"content":{"rendered":"\t\t<div data-elementor-type=\"wp-page\" data-elementor-id=\"12009\" class=\"elementor elementor-12009 elementor-11992\" data-elementor-post-type=\"page\">\n\t\t\t\t\t\t<section class=\"elementor-section elementor-top-section elementor-element elementor-element-6e6da68a elementor-section-stretched elementor-section-boxed elementor-section-height-default elementor-section-height-default\" data-id=\"6e6da68a\" data-element_type=\"section\" data-settings=\"{&quot;stretch_section&quot;:&quot;section-stretched&quot;}\">\n\t\t\t\t\t\t<div class=\"elementor-container elementor-column-gap-default\">\n\t\t\t\t\t<div class=\"elementor-column elementor-col-100 elementor-top-column elementor-element elementor-element-72eac280\" data-id=\"72eac280\" data-element_type=\"column\">\n\t\t\t<div class=\"elementor-widget-wrap elementor-element-populated\">\n\t\t\t\t\t\t<div class=\"elementor-element elementor-element-83b02dc elementor-widget elementor-widget-heading\" data-id=\"83b02dc\" data-element_type=\"widget\" data-widget_type=\"heading.default\">\n\t\t\t\t<div class=\"elementor-widget-container\">\n\t\t\t\t\t<h4 class=\"elementor-heading-title elementor-size-default\">POL\u00cdTICA DE PRIVACITAT XARXES SOCIALS<\/h4>\t\t\t\t<\/div>\n\t\t\t\t<\/div>\n\t\t\t\t\t<\/div>\n\t\t<\/div>\n\t\t\t\t\t<\/div>\n\t\t<\/section>\n\t\t\t\t<section class=\"elementor-section elementor-top-section elementor-element elementor-element-056afca elementor-section-boxed elementor-section-height-default elementor-section-height-default\" data-id=\"056afca\" data-element_type=\"section\">\n\t\t\t\t\t\t<div class=\"elementor-container elementor-column-gap-default\">\n\t\t\t\t\t<div class=\"elementor-column elementor-col-100 elementor-top-column elementor-element elementor-element-3c28c7f\" data-id=\"3c28c7f\" data-element_type=\"column\">\n\t\t\t<div class=\"elementor-widget-wrap elementor-element-populated\">\n\t\t\t\t\t\t<div class=\"elementor-element elementor-element-180686f elementor-widget elementor-widget-text-editor\" data-id=\"180686f\" data-element_type=\"widget\" data-widget_type=\"text-editor.default\">\n\t\t\t\t<div class=\"elementor-widget-container\">\n\t\t\t\t\t        <div class=\"elementor-text-editor elementor-clearfix\"><p>De conformitat amb el que s&#8217;estableix en la normativa vigent en Protecci\u00f3 de Dades de Car\u00e0cter Personal (RGPD) i la Llei 34\/2002, d&#8217;11 de juliol, de Serveis de la Societat de la Informaci\u00f3 i de Comer\u00e7 Electr\u00f2nic (LSSI-CE), J FORTUNY FABREGAS SL informa els usuaris, que ha procedit a crear un perfil en les Xarxes Socials Facebook, Instagram i Linkedin, amb la finalitat principal de publicitar els seus productes i serveis. <br><\/p>\n<p>Dades de J FORTUNY FABREGAS SL:<\/p>\n<ul>\n<li>CIF: B43486794<\/li>\n<li>ADRE\u00c7A: C\/ PUIGMOLTO, 4 1r PIP\u00cd 08720, VILAFRANCA DEL PENEDES (BARCELONA)<\/li>\n<li>CORREU ELECTR\u00d2NIC: <a href=\"mailto:juan@colomerfortuny.com\">juan@colomerfortuny.com<\/a><\/li>\n<li>DOMINI WEB: <a href=\"https:\/\/jfortunyfabregas.com\/\">https:\/\/jfortunyfabregas.com\/<\/a><\/li>\n<\/ul>\n<p>L&#8217;usuari disposa d&#8217;un perfil en la mateixa Xarxa Social i ha decidit unir-se a la p\u00e0gina creada per J FORTUNY FABREGAS SL, mostrant aix\u00ed inter\u00e8s en la informaci\u00f3 que es publiciti en la Xarxa. En unir-se a la nostra p\u00e0gina, ens facilita el seu consentiment per al tractament d&#8217;aquelles dades personals publicades en el seu perfil.<\/p>\n<p>L&#8217;usuari pot accedir en tot moment a les pol\u00edtiques de privacitat de la pr\u00f2pia Xarxa Social, aix\u00ed com configurar el seu perfil per a garantir la seva privacitat.<\/p>\n<p>J FORTUNY FABREGAS SL t\u00e9 acc\u00e9s i tracta aquella informaci\u00f3 p\u00fablica de l&#8217;usuari, especialment, el seu nom de contacte. Aquestes dades, nom\u00e9s s\u00f3n utilitzats dins de la pr\u00f2pia Xarxa Social. No s\u00f3n incorporats a cap sistema de tractament.<\/p>\n<p>En relaci\u00f3 als drets d&#8217;acc\u00e9s, rectificaci\u00f3, limitaci\u00f3 de tractament, supressi\u00f3, portabilitat i oposici\u00f3 al tractament de les seves dades de car\u00e0cter personal, dels quals vost\u00e8 disposa i que poden ser exercitats davant J FORTUNY FABREGAS SL, d&#8217;acord amb el RGPD, ha de tenir en compte els seg\u00fcents matisos:<\/p>\n<ul>\n<li>Dret d&#8217;Acc\u00e9s: \u00c9s el dret de l&#8217;usuari a obtenir informaci\u00f3 sobre les seves dades concretes de car\u00e0cter personal i del tractament que s&#8217;hagi realitzat o realitzi, aix\u00ed com de la informaci\u00f3 disponible sobre l&#8217;origen d&#8217;aquestes dades i les comunicacions realitzades o previstes de els<\/li>\n<li>Dret de Rectificaci\u00f3: \u00c9s el dret de l&#8217;afectat al fet que es modifiquin les dades que resultin ser inexactes o Nom\u00e9s podr\u00e0 satisfer-se en relaci\u00f3 a aquella informaci\u00f3 que es trobi sota el control de J FORTUNY FABREGAS SL, per exemple, eliminar comentaris publicats en la pr\u00f2pia p\u00e0gina, imatges o continguts web on constin dades de car\u00e0cter personal de l&#8217;usuari.<\/li>\n<li>Dret a la Limitaci\u00f3 de tractament: \u00c9s el dret al fet que es limitin els fins del tractament previstos de manera original pel responsable del<\/li>\n<li>Dret de Supressi\u00f3: \u00c9s el dret a suprimir les dades de car\u00e0cter personal de l&#8217;usuari, a excepci\u00f3 del que es preveu en el propi RGPD o en altres normatives aplicables que determinin l&#8217;obligatorietat de la conservaci\u00f3 d&#8217;aquests, en temps i<\/li>\n<li>Dret de portabilitat: El dret a rebre les dades personals que l&#8217;usuari, hagi facilitat, en un format estructurat, d&#8217;\u00fas com\u00fa i lectura mec\u00e0nica, i a transmetre&#8217;ls a un altre<\/li>\n<li>Dret d&#8217;Oposici\u00f3: \u00c9s el dret de l&#8217;usuari al fet que no es dugui a terme el tractament de les seves dades de car\u00e0cter personal o se cessi el tractament dels mateixos per part de J FORTUNY FABREGAS<\/li>\n<\/ul>\n<p>J FORTUNY FABREGAS SL realitzar\u00e0 les seg\u00fcents actuacions:<\/p>\n<ul>\n<li>Acc\u00e9s a la informaci\u00f3 p\u00fablica del publicaci\u00f3 en el perfil de l&#8217;usuari de tota aquella informaci\u00f3 ja publicada en la p\u00e0gina de J FORTUNY FABREGAS<\/li>\n<li>Enviar missatges personals i individuals a trav\u00e9s dels canals de la Xarxa<\/li>\n<li>Actualitzacions de l&#8217;estat de la p\u00e0gina que es publicaran en el perfil del<\/li>\n<\/ul>\n<p>L&#8217;usuari sempre pot controlar les seves connexions, eliminar els continguts que deixin d&#8217;interessar-li i restringir amb qui comparteix les seves connexions, per a aix\u00f2 haur\u00e0 d&#8217;accedir a la seva configuraci\u00f3 de privacitat.<\/p>\n\n<h4>Publicacions<\/h4>\n<p>L&#8217;usuari, una vegada unit a la p\u00e0gina de J FORTUNY FABREGAS SL, podr\u00e0 publicar en aquesta \u00faltima comentaris, enlla\u00e7os, imatges o fotografies o qualsevol altre tipus de contingut multim\u00e8dia suportat per la Xarxa Social. L&#8217;usuari, en tots els casos, ha de ser el titular d&#8217;aquests, gaudir dels drets d&#8217;autor i de propietat intel\u00b7lectual o comptar amb el consentiment dels tercers afectats. Es prohibeix expressament qualsevol publicaci\u00f3 en la p\u00e0gina, ja siguin textos, gr\u00e0fics, fotografies, v\u00eddeos, etc. que atemptin o siguin susceptibles d&#8217;atemptar contra la moral, l&#8217;\u00e8tica, el bon gust o el dec\u00f2rum, i\/o que infringeixin, violin o infringeixin els drets de propietat intel\u00b7lectual o industrial, el dret a la imatge o la Llei. En aquests casos, J FORTUNY FABREGAS SL es reserva el dret a retirar immediatament el contingut, podent sol\u00b7licitar el bloqueig permanent de l&#8217;usuari.<\/p>\n<p>J FORTUNY FABREGAS SL no es far\u00e0 responsable dels continguts que lliurement ha publicat un usuari.<\/p>\n<p>L&#8217;usuari ha de tenir present que les seves publicacions seran conegudes pels altres usuaris, per la qual cosa ell mateix \u00e9s el principal responsable de la seva privacitat.<\/p>\n<p>Les imatges que puguin publicar-se en la p\u00e0gina no seran emmagatzemades en cap sistema de tractament per part de J FORTUNY FABREGAS SL, per\u00f2 si que romandran en la Xarxa Social.<\/p>\n<h4>Concursos i promocions<\/h4>\n<p>J FORTUNY FABREGAS SL es reserva el dret a realitzar concursos i promocions, en els quals podr\u00e0 participar l&#8217;usuari unit a la seva p\u00e0gina. Les bases de cadascun d&#8217;ells, quan s&#8217;utilitzi per a aix\u00f2 la plataforma de la Xarxa Social, seran publicades en aquesta. Complint sempre amb la LSSI- CE i amb qualsevol altra norma que li sigui aplicable.<\/p>\n<p><\/p>\n<p>La Xarxa Social no patrocina, avala ni administra, de cap mode, cap de les nostres promocions, ni est\u00e0 associada a cap d&#8217;elles.<\/p>\n\n<h4>Publicitat<\/h4>\n<p>J FORTUNY FABREGAS SL utilitzar\u00e0 la Xarxa Social per a publicitar els seus productes i serveis, en tot cas, si decideix tractar les seves dades de contacte per a realitzar accions directes de prospecci\u00f3 comercial, ser\u00e0 sempre, complint amb les exig\u00e8ncies legals del RGPD i de la LSSI-CE.<\/p>\n<p><\/p>\n<p>No es considerar\u00e0 publicitat el fet de recomanar a altres usuaris la p\u00e0gina de J FORTUNY FABREGAS SL perqu\u00e8 tamb\u00e9 ells puguin gaudir de les promocions o estar informats de la seva activitat.<\/p>\n<p>A continuaci\u00f3 detallem l&#8217;enlla\u00e7 a la pol\u00edtica de privacitat de la Xarxa Social:<\/p>\n<li>Facebook: <a href=\"https:\/\/www.facebook.com\/help\/323540651073243\/\">https:\/\/www.facebook.com\/help\/323540651073243\/<\/a><\/li>\n<li>Instagram: <a href=\"http:\/\/instagram.com\/about\/legal\/privacy\/\">http:\/\/instagram.com\/about\/legal\/privacy\/<\/a><\/li>\n<li>Linkedin: <a href=\"http:\/\/www.linkedin.com\/legal\/privacy-policy?trk=hb_ft_priv\">http:\/\/www.linkedin.com\/legal\/privacy-policy?trk=hb_ft_priv<\/a><\/div>\n        \t\t\t\t<\/div>\n\t\t\t\t<\/div>\n\t\t\t\t\t<\/div>\n\t\t<\/div>\n\t\t\t\t\t<\/div>\n\t\t<\/section>\n\t\t\t\t<\/div>\n\t\t","protected":false},"excerpt":{"rendered":"<p>POL\u00cdTICA DE PRIVACITAT XARXES SOCIALS De conformitat amb el que s&#8217;estableix en la normativa vigent en Protecci\u00f3 de Dades de Car\u00e0cter Personal (RGPD) i la Llei 34\/2002, d&#8217;11 de juliol, de Serveis de la Societat de la Informaci\u00f3 i de Comer\u00e7 Electr\u00f2nic (LSSI-CE), J FORTUNY FABREGAS SL informa els usuaris, que ha procedit a crear &hellip; <\/p>\n<p class=\"link-more\"><a href=\"https:\/\/www.jfortunyfabregas.com\/ca\/politica-de-privacitat-xarxes-socials\/\" class=\"more-link\">Read More <span class=\"screen-reader-text\"> &#8220;Pol\u00edtica de privacitat xarxes socials&#8221;<\/span><\/a><\/p>\n","protected":false},"author":99,"featured_media":0,"parent":0,"menu_order":0,"comment_status":"closed","ping_status":"closed","template":"","meta":{"_eb_attr":"","footnotes":""},"class_list":["post-12009","page","type-page","status-publish","hentry"],"_links":{"self":[{"href":"https:\/\/www.jfortunyfabregas.com\/ca\/wp-json\/wp\/v2\/pages\/12009","targetHints":{"allow":["GET"]}}],"collection":[{"href":"https:\/\/www.jfortunyfabregas.com\/ca\/wp-json\/wp\/v2\/pages"}],"about":[{"href":"https:\/\/www.jfortunyfabregas.com\/ca\/wp-json\/wp\/v2\/types\/page"}],"author":[{"embeddable":true,"href":"https:\/\/www.jfortunyfabregas.com\/ca\/wp-json\/wp\/v2\/users\/99"}],"replies":[{"embeddable":true,"href":"https:\/\/www.jfortunyfabregas.com\/ca\/wp-json\/wp\/v2\/comments?post=12009"}],"version-history":[{"count":0,"href":"https:\/\/www.jfortunyfabregas.com\/ca\/wp-json\/wp\/v2\/pages\/12009\/revisions"}],"wp:attachment":[{"href":"https:\/\/www.jfortunyfabregas.com\/ca\/wp-json\/wp\/v2\/media?parent=12009"}],"curies":[{"name":"wp","href":"https:\/\/api.w.org\/{rel}","templated":true}]}}