{"id":11649,"date":"2023-11-24T11:51:12","date_gmt":"2023-11-24T11:51:12","guid":{"rendered":"https:\/\/www.jfortunyfabregas.com\/la-terra\/banyeres-del-penedes\/"},"modified":"2023-12-18T11:58:36","modified_gmt":"2023-12-18T10:58:36","slug":"la-vinya-de-banyeres-de-penedes","status":"publish","type":"page","link":"https:\/\/www.jfortunyfabregas.com\/ca\/la-terra\/la-vinya-de-banyeres-de-penedes\/","title":{"rendered":"La vinya de Banyeres del Pened\u00e8s"},"content":{"rendered":"\t\t<div data-elementor-type=\"wp-page\" data-elementor-id=\"11649\" class=\"elementor elementor-11649 elementor-8653\" data-elementor-post-type=\"page\">\n\t\t\t\t\t\t<section class=\"elementor-section elementor-top-section elementor-element elementor-element-5706ca63 elementor-section-stretched elementor-section-boxed elementor-section-height-default elementor-section-height-default\" data-id=\"5706ca63\" data-element_type=\"section\" data-settings=\"{&quot;stretch_section&quot;:&quot;section-stretched&quot;}\">\n\t\t\t\t\t\t<div class=\"elementor-container elementor-column-gap-default\">\n\t\t\t\t\t<div class=\"elementor-column elementor-col-100 elementor-top-column elementor-element elementor-element-232d6dbb\" data-id=\"232d6dbb\" data-element_type=\"column\" data-settings=\"{&quot;background_background&quot;:&quot;classic&quot;}\">\n\t\t\t<div class=\"elementor-widget-wrap elementor-element-populated\">\n\t\t\t\t\t\t<div class=\"elementor-element elementor-element-68a62c5c elementor-widget elementor-widget-image\" data-id=\"68a62c5c\" data-element_type=\"widget\" data-widget_type=\"image.default\">\n\t\t\t\t<div class=\"elementor-widget-container\">\n\t\t\t\t\t\t\t\t\t\t\t\t\t\t\t<img fetchpriority=\"high\" decoding=\"async\" width=\"1297\" height=\"499\" src=\"https:\/\/www.jfortunyfabregas.com\/wp-content\/uploads\/2023\/12\/el_vinedo_banyeres_penedes.png\" class=\"attachment-full size-full wp-image-9647\" alt=\"\" srcset=\"https:\/\/www.jfortunyfabregas.com\/wp-content\/uploads\/2023\/12\/el_vinedo_banyeres_penedes.png 1297w, https:\/\/www.jfortunyfabregas.com\/wp-content\/uploads\/2023\/12\/el_vinedo_banyeres_penedes-500x192.png 500w, https:\/\/www.jfortunyfabregas.com\/wp-content\/uploads\/2023\/12\/el_vinedo_banyeres_penedes-300x115.png 300w, https:\/\/www.jfortunyfabregas.com\/wp-content\/uploads\/2023\/12\/el_vinedo_banyeres_penedes-1024x394.png 1024w, https:\/\/www.jfortunyfabregas.com\/wp-content\/uploads\/2023\/12\/el_vinedo_banyeres_penedes-768x295.png 768w, https:\/\/www.jfortunyfabregas.com\/wp-content\/uploads\/2023\/12\/el_vinedo_banyeres_penedes-700x269.png 700w\" sizes=\"(max-width: 1297px) 100vw, 1297px\" \/>\t\t\t\t\t\t\t\t\t\t\t\t\t\t\t<\/div>\n\t\t\t\t<\/div>\n\t\t\t\t\t<\/div>\n\t\t<\/div>\n\t\t\t\t\t<\/div>\n\t\t<\/section>\n\t\t\t\t<section class=\"elementor-section elementor-top-section elementor-element elementor-element-4be8bd64 elementor-section-boxed elementor-section-height-default elementor-section-height-default\" data-id=\"4be8bd64\" data-element_type=\"section\">\n\t\t\t\t\t\t<div class=\"elementor-container elementor-column-gap-default\">\n\t\t\t\t\t<div class=\"elementor-column elementor-col-100 elementor-top-column elementor-element elementor-element-331d36b7\" data-id=\"331d36b7\" data-element_type=\"column\">\n\t\t\t<div class=\"elementor-widget-wrap elementor-element-populated\">\n\t\t\t\t\t\t<div class=\"elementor-element elementor-element-43015f47 elementor-widget elementor-widget-heading\" data-id=\"43015f47\" data-element_type=\"widget\" data-widget_type=\"heading.default\">\n\t\t\t\t<div class=\"elementor-widget-container\">\n\t\t\t\t\t<h2 class=\"elementor-heading-title elementor-size-default\">La vinya de Banyeres del Pened\u00e8s<\/h2>\t\t\t\t<\/div>\n\t\t\t\t<\/div>\n\t\t\t\t\t<\/div>\n\t\t<\/div>\n\t\t\t\t\t<\/div>\n\t\t<\/section>\n\t\t\t\t<section class=\"elementor-section elementor-top-section elementor-element elementor-element-2fb8c109 elementor-section-stretched elementor-section-boxed elementor-section-height-default elementor-section-height-default\" data-id=\"2fb8c109\" data-element_type=\"section\" data-settings=\"{&quot;stretch_section&quot;:&quot;section-stretched&quot;,&quot;background_background&quot;:&quot;classic&quot;}\">\n\t\t\t\t\t\t\t<div class=\"elementor-background-overlay\"><\/div>\n\t\t\t\t\t\t\t<div class=\"elementor-container elementor-column-gap-default\">\n\t\t\t\t\t<div class=\"elementor-column elementor-col-100 elementor-top-column elementor-element elementor-element-624589a6\" data-id=\"624589a6\" data-element_type=\"column\">\n\t\t\t<div class=\"elementor-widget-wrap elementor-element-populated\">\n\t\t\t\t\t\t<div class=\"elementor-element elementor-element-39674ac9 elementor-widget elementor-widget-text-editor\" data-id=\"39674ac9\" data-element_type=\"widget\" data-widget_type=\"text-editor.default\">\n\t\t\t\t<div class=\"elementor-widget-container\">\n\t\t\t\t\t        <div class=\"elementor-text-editor elementor-clearfix\"><ul>\n<li><strong><u>Situaci\u00f3<\/u><\/strong>: Baix Pened\u00e8s<\/li>\n<li><strong><u>Coordenades<\/u><\/strong>: 41o26 \u2018 42.20 \u201cN, 1o33 \u2018 24.41 \u2018 E<\/li>\n<li><strong><u>Altura<\/u><\/strong>: 146 \u2013 150 metres<\/li>\n<li><strong><u>Estructura del s\u00f2l<\/u><\/strong>: S\u00e8rie Llorenc i Pujols. Terres molt drenades, textura mitjana poc compacta. Calcisol P\u00e9tric.<\/li>\n<li><strong><u>Climatologia<\/u><\/strong>: Clima mediterrani.<\/li>\n<li><strong><u>T\u00ba Mitjana anual<\/u><\/strong>: M\u00e0xima 22,5, M\u00ednima 11,4, Mitjana 15,4.<\/li>\n<li><strong><u><\/u>Humitat Mitjana anual: 64,79<\/strong><\/li>\n<li><strong><u>Radiaci\u00f3 mitjana anual<\/u><\/strong>: 7,65 h.<\/li>\n<li><strong><u>Pluviometria<\/u><\/strong>: 830 mm.<\/li>\n<li><strong><u>Entorn edafol\u00f2gic<\/u><\/strong>: Terres molt aptes per a vinyes. Envoltades de bosc, en entorn humit. Fauna variada i gran comunitat d&#8217;insectes Entorn molt compensat.<\/li>\n<li><strong><u>Varietats<\/u><\/strong>: Macabeu, Xarel.lo, Xarel.lo vell, Chardonnay, Merlot de gra petit, oliveres.<\/li>\n<li><strong><u>Dades caracter\u00edstiques<\/u><\/strong>: Una capa d&#8217;aigua no gaire profunda que proporciona humitat i aigua. Molta insolaci\u00f3. Vents salins de la mar.<\/li>\n<\/ul>\n<\/div>\n        \t\t\t\t<\/div>\n\t\t\t\t<\/div>\n\t\t\t\t\t<\/div>\n\t\t<\/div>\n\t\t\t\t\t<\/div>\n\t\t<\/section>\n\t\t\t\t<section class=\"elementor-section elementor-top-section elementor-element elementor-element-209f0aef elementor-section-stretched elementor-reverse-tablet elementor-reverse-mobile elementor-section-boxed elementor-section-height-default elementor-section-height-default\" data-id=\"209f0aef\" data-element_type=\"section\" data-settings=\"{&quot;stretch_section&quot;:&quot;section-stretched&quot;}\">\n\t\t\t\t\t\t<div class=\"elementor-container elementor-column-gap-default\">\n\t\t\t\t\t<div class=\"elementor-column elementor-col-50 elementor-top-column elementor-element elementor-element-6b97ed5\" data-id=\"6b97ed5\" data-element_type=\"column\">\n\t\t\t<div class=\"elementor-widget-wrap elementor-element-populated\">\n\t\t\t\t\t\t<div class=\"elementor-element elementor-element-55901983 elementor-widget elementor-widget-text-editor\" data-id=\"55901983\" data-element_type=\"widget\" data-widget_type=\"text-editor.default\">\n\t\t\t\t<div class=\"elementor-widget-container\">\n\t\t\t\t\t        <div class=\"elementor-text-editor elementor-clearfix\"><p>Molt prop del <b>Vendrell, en el Tarragon\u00e9s<\/b>, aquesta finca de 32 hect\u00e0rees est\u00e0 conformada per una plana continua de 22 hect\u00e0rees (Plana del Morgades) amb diferents vinyes de les varietats <b>Macabeu, Xarel.lo, Xarel.lo vell, Chardonnay i Merlot.<\/b><\/p>\n<\/p>\n<p>A prop es troba una segona plana de 4 i 2 hect\u00e0rees on conreem, de manera tradicional, les oliveres de la varietat arbequina.<\/p>\n<p>La bossa d&#8217;aigua que prov\u00e9 del mass\u00eds del Montmell, queda emmagatzemada just sota la Plana del Morgades conferint la humitat necess\u00e0ria perqu\u00e8 les vinyes aguantin perfectament aquest gradient superior de temperatura que es dona en aquesta zona. <\/p>\n<\/p>\n<p>La brisa salina que arriba des de la mar i la composici\u00f3 de la terra fan d&#8217;aquesta parcel\u00b7la <b>el lloc perfecte per a aconseguir ra\u00efms potents, amb potencial alcoh\u00f2lic, maduracions intenses i un toc sal\u00ed<\/b> perfecte per als vins amb recorregut o els caves.<\/p>\n<\/div>\n        \t\t\t\t<\/div>\n\t\t\t\t<\/div>\n\t\t\t\t\t<\/div>\n\t\t<\/div>\n\t\t\t\t<div class=\"elementor-column elementor-col-50 elementor-top-column elementor-element elementor-element-ce8d592\" data-id=\"ce8d592\" data-element_type=\"column\" data-settings=\"{&quot;background_background&quot;:&quot;classic&quot;}\">\n\t\t\t<div class=\"elementor-widget-wrap elementor-element-populated\">\n\t\t\t\t\t\t<div class=\"elementor-element elementor-element-7c3acf04 elementor-widget elementor-widget-image\" data-id=\"7c3acf04\" data-element_type=\"widget\" data-widget_type=\"image.default\">\n\t\t\t\t<div class=\"elementor-widget-container\">\n\t\t\t\t\t\t\t\t\t\t\t\t\t\t\t<img decoding=\"async\" width=\"600\" height=\"450\" src=\"https:\/\/www.jfortunyfabregas.com\/wp-content\/uploads\/2020\/06\/fontrubi-2-1024x768.png\" class=\"attachment-large size-large wp-image-5793\" alt=\"\" srcset=\"https:\/\/www.jfortunyfabregas.com\/wp-content\/uploads\/2020\/06\/fontrubi-2-1024x768.png 1024w, https:\/\/www.jfortunyfabregas.com\/wp-content\/uploads\/2020\/06\/fontrubi-2-500x375.png 500w, https:\/\/www.jfortunyfabregas.com\/wp-content\/uploads\/2020\/06\/fontrubi-2-300x225.png 300w, https:\/\/www.jfortunyfabregas.com\/wp-content\/uploads\/2020\/06\/fontrubi-2-768x576.png 768w, https:\/\/www.jfortunyfabregas.com\/wp-content\/uploads\/2020\/06\/fontrubi-2-1536x1152.png 1536w, https:\/\/www.jfortunyfabregas.com\/wp-content\/uploads\/2020\/06\/fontrubi-2-2048x1536.png 2048w, https:\/\/www.jfortunyfabregas.com\/wp-content\/uploads\/2020\/06\/fontrubi-2-700x525.png 700w, https:\/\/www.jfortunyfabregas.com\/wp-content\/uploads\/2020\/06\/fontrubi-2-105x79.png 105w\" sizes=\"(max-width: 600px) 100vw, 600px\" \/>\t\t\t\t\t\t\t\t\t\t\t\t\t\t\t<\/div>\n\t\t\t\t<\/div>\n\t\t\t\t\t<\/div>\n\t\t<\/div>\n\t\t\t\t\t<\/div>\n\t\t<\/section>\n\t\t\t\t<section class=\"elementor-section elementor-top-section elementor-element elementor-element-30f5c83d elementor-section-full_width elementor-section-stretched elementor-section-height-default elementor-section-height-default\" data-id=\"30f5c83d\" data-element_type=\"section\" data-settings=\"{&quot;stretch_section&quot;:&quot;section-stretched&quot;,&quot;background_background&quot;:&quot;classic&quot;}\">\n\t\t\t\t\t\t<div class=\"elementor-container elementor-column-gap-default\">\n\t\t\t\t\t<div class=\"elementor-column elementor-col-100 elementor-top-column elementor-element elementor-element-30a74b79\" data-id=\"30a74b79\" data-element_type=\"column\">\n\t\t\t<div class=\"elementor-widget-wrap elementor-element-populated\">\n\t\t\t\t\t\t<section class=\"elementor-section elementor-inner-section elementor-element elementor-element-1a6e31d5 elementor-section-boxed elementor-section-height-default elementor-section-height-default\" data-id=\"1a6e31d5\" data-element_type=\"section\">\n\t\t\t\t\t\t<div class=\"elementor-container elementor-column-gap-default\">\n\t\t\t\t\t<div class=\"elementor-column elementor-col-100 elementor-inner-column elementor-element elementor-element-46656118\" data-id=\"46656118\" data-element_type=\"column\">\n\t\t\t<div class=\"elementor-widget-wrap elementor-element-populated\">\n\t\t\t\t\t\t<div class=\"elementor-element elementor-element-5d4a58f4 elementor-widget elementor-widget-heading\" data-id=\"5d4a58f4\" data-element_type=\"widget\" data-widget_type=\"heading.default\">\n\t\t\t\t<div class=\"elementor-widget-container\">\n\t\t\t\t\t<h4 class=\"elementor-heading-title elementor-size-default\">Aqu\u00ed conreem un Xarel\u00b7lo amb m\u00e9s de 70 anys. Configurada en got i amb rendiments inferiors als 4.000 quilos, t\u00e9 tota la pot\u00e8ncia t\u00edpica d'aquesta varietat, amb aromes profundes i complexos i una molt bona acidesa que li aporta molta frescor. El Merlot de gra fi. Un clon portat de Fran\u00e7a fa molts anys i de baix rendiment s'ha adaptat perfectament a la zona desenvolupant tots els matisos propis d'aquest ra\u00efm negre, els macabeus, ajudats per la brisa salina que arriba de la mar aconsegueixen una eleg\u00e0ncia que cal esmentar igual que els Chardonnay, ra\u00efms que treuen tot el car\u00e0cter en aquest lloc i que ens ajuden a arrodonir els caves joves i reserva.<\/h4>\t\t\t\t<\/div>\n\t\t\t\t<\/div>\n\t\t\t\t\t<\/div>\n\t\t<\/div>\n\t\t\t\t\t<\/div>\n\t\t<\/section>\n\t\t\t\t\t<\/div>\n\t\t<\/div>\n\t\t\t\t\t<\/div>\n\t\t<\/section>\n\t\t\t\t<section class=\"elementor-section elementor-top-section elementor-element elementor-element-3098d36 elementor-section-boxed elementor-section-height-default elementor-section-height-default\" data-id=\"3098d36\" data-element_type=\"section\">\n\t\t\t\t\t\t<div class=\"elementor-container elementor-column-gap-default\">\n\t\t\t\t\t<div class=\"elementor-column elementor-col-100 elementor-top-column elementor-element elementor-element-22810a7\" data-id=\"22810a7\" data-element_type=\"column\">\n\t\t\t<div class=\"elementor-widget-wrap elementor-element-populated\">\n\t\t\t\t\t\t<div class=\"elementor-element elementor-element-ca48d3f elementor-widget elementor-widget-image\" data-id=\"ca48d3f\" data-element_type=\"widget\" data-widget_type=\"image.default\">\n\t\t\t\t<div class=\"elementor-widget-container\">\n\t\t\t\t\t\t\t\t\t\t\t\t\t\t\t<img decoding=\"async\" width=\"1693\" height=\"794\" src=\"https:\/\/www.jfortunyfabregas.com\/wp-content\/uploads\/2020\/07\/vinya-banyeres-02-min.jpg\" class=\"attachment-full size-full wp-image-6598\" alt=\"\" srcset=\"https:\/\/www.jfortunyfabregas.com\/wp-content\/uploads\/2020\/07\/vinya-banyeres-02-min.jpg 1693w, https:\/\/www.jfortunyfabregas.com\/wp-content\/uploads\/2020\/07\/vinya-banyeres-02-min-500x234.jpg 500w, https:\/\/www.jfortunyfabregas.com\/wp-content\/uploads\/2020\/07\/vinya-banyeres-02-min-300x141.jpg 300w, https:\/\/www.jfortunyfabregas.com\/wp-content\/uploads\/2020\/07\/vinya-banyeres-02-min-1024x480.jpg 1024w, https:\/\/www.jfortunyfabregas.com\/wp-content\/uploads\/2020\/07\/vinya-banyeres-02-min-768x360.jpg 768w, https:\/\/www.jfortunyfabregas.com\/wp-content\/uploads\/2020\/07\/vinya-banyeres-02-min-1536x720.jpg 1536w, https:\/\/www.jfortunyfabregas.com\/wp-content\/uploads\/2020\/07\/vinya-banyeres-02-min-700x328.jpg 700w, https:\/\/www.jfortunyfabregas.com\/wp-content\/uploads\/2020\/07\/vinya-banyeres-02-min-105x49.jpg 105w\" sizes=\"(max-width: 1693px) 100vw, 1693px\" \/>\t\t\t\t\t\t\t\t\t\t\t\t\t\t\t<\/div>\n\t\t\t\t<\/div>\n\t\t\t\t\t<\/div>\n\t\t<\/div>\n\t\t\t\t\t<\/div>\n\t\t<\/section>\n\t\t\t\t<\/div>\n\t\t","protected":false},"excerpt":{"rendered":"<p>La vinya de Banyeres del Pened\u00e8s Situaci\u00f3: Baix Pened\u00e8s Coordenades: 41o26 \u2018 42.20 \u201cN, 1o33 \u2018 24.41 \u2018 E Altura: 146 \u2013 150 metres Estructura del s\u00f2l: S\u00e8rie Llorenc i Pujols. Terres molt drenades, textura mitjana poc compacta. Calcisol P\u00e9tric. Climatologia: Clima mediterrani. T\u00ba Mitjana anual: M\u00e0xima 22,5, M\u00ednima 11,4, Mitjana 15,4. Humitat Mitjana anual: &hellip; <\/p>\n<p class=\"link-more\"><a href=\"https:\/\/www.jfortunyfabregas.com\/ca\/la-terra\/la-vinya-de-banyeres-de-penedes\/\" class=\"more-link\">Read More <span class=\"screen-reader-text\"> &#8220;La vinya de Banyeres del Pened\u00e8s&#8221;<\/span><\/a><\/p>\n","protected":false},"author":99,"featured_media":0,"parent":11592,"menu_order":0,"comment_status":"closed","ping_status":"closed","template":"","meta":{"_eb_attr":"","footnotes":""},"class_list":["post-11649","page","type-page","status-publish","hentry"],"_links":{"self":[{"href":"https:\/\/www.jfortunyfabregas.com\/ca\/wp-json\/wp\/v2\/pages\/11649","targetHints":{"allow":["GET"]}}],"collection":[{"href":"https:\/\/www.jfortunyfabregas.com\/ca\/wp-json\/wp\/v2\/pages"}],"about":[{"href":"https:\/\/www.jfortunyfabregas.com\/ca\/wp-json\/wp\/v2\/types\/page"}],"author":[{"embeddable":true,"href":"https:\/\/www.jfortunyfabregas.com\/ca\/wp-json\/wp\/v2\/users\/99"}],"replies":[{"embeddable":true,"href":"https:\/\/www.jfortunyfabregas.com\/ca\/wp-json\/wp\/v2\/comments?post=11649"}],"version-history":[{"count":0,"href":"https:\/\/www.jfortunyfabregas.com\/ca\/wp-json\/wp\/v2\/pages\/11649\/revisions"}],"up":[{"embeddable":true,"href":"https:\/\/www.jfortunyfabregas.com\/ca\/wp-json\/wp\/v2\/pages\/11592"}],"wp:attachment":[{"href":"https:\/\/www.jfortunyfabregas.com\/ca\/wp-json\/wp\/v2\/media?parent=11649"}],"curies":[{"name":"wp","href":"https:\/\/api.w.org\/{rel}","templated":true}]}}