{"id":11639,"date":"2023-11-24T12:49:40","date_gmt":"2023-11-24T12:49:40","guid":{"rendered":"https:\/\/www.jfortunyfabregas.com\/la-terra\/el-vinedo-de-font-rubi\/"},"modified":"2023-12-18T11:40:08","modified_gmt":"2023-12-18T10:40:08","slug":"la-vinya-de-font-rubi","status":"publish","type":"page","link":"https:\/\/www.jfortunyfabregas.com\/ca\/la-terra\/la-vinya-de-font-rubi\/","title":{"rendered":"La vinya de Font Rub\u00ed"},"content":{"rendered":"\t\t<div data-elementor-type=\"wp-page\" data-elementor-id=\"11639\" class=\"elementor elementor-11639 elementor-8711\" data-elementor-post-type=\"page\">\n\t\t\t\t\t\t<section class=\"elementor-section elementor-top-section elementor-element elementor-element-8fb04f4 elementor-section-stretched elementor-section-boxed elementor-section-height-default elementor-section-height-default\" data-id=\"8fb04f4\" data-element_type=\"section\" data-settings=\"{&quot;stretch_section&quot;:&quot;section-stretched&quot;}\">\n\t\t\t\t\t\t<div class=\"elementor-container elementor-column-gap-default\">\n\t\t\t\t\t<div class=\"elementor-column elementor-col-100 elementor-top-column elementor-element elementor-element-b2e5c99\" data-id=\"b2e5c99\" data-element_type=\"column\" data-settings=\"{&quot;background_background&quot;:&quot;classic&quot;}\">\n\t\t\t<div class=\"elementor-widget-wrap elementor-element-populated\">\n\t\t\t\t\t\t<div class=\"elementor-element elementor-element-f1f9e19 elementor-widget elementor-widget-image\" data-id=\"f1f9e19\" data-element_type=\"widget\" data-widget_type=\"image.default\">\n\t\t\t\t<div class=\"elementor-widget-container\">\n\t\t\t\t\t\t\t\t\t\t\t\t\t\t\t<img fetchpriority=\"high\" decoding=\"async\" width=\"1382\" height=\"578\" src=\"https:\/\/www.jfortunyfabregas.com\/wp-content\/uploads\/2023\/12\/el_vinedo_font_rubi.png\" class=\"attachment-full size-full wp-image-9619\" alt=\"\" srcset=\"https:\/\/www.jfortunyfabregas.com\/wp-content\/uploads\/2023\/12\/el_vinedo_font_rubi.png 1382w, https:\/\/www.jfortunyfabregas.com\/wp-content\/uploads\/2023\/12\/el_vinedo_font_rubi-500x209.png 500w, https:\/\/www.jfortunyfabregas.com\/wp-content\/uploads\/2023\/12\/el_vinedo_font_rubi-300x125.png 300w, https:\/\/www.jfortunyfabregas.com\/wp-content\/uploads\/2023\/12\/el_vinedo_font_rubi-1024x428.png 1024w, https:\/\/www.jfortunyfabregas.com\/wp-content\/uploads\/2023\/12\/el_vinedo_font_rubi-768x321.png 768w, https:\/\/www.jfortunyfabregas.com\/wp-content\/uploads\/2023\/12\/el_vinedo_font_rubi-700x293.png 700w\" sizes=\"(max-width: 1382px) 100vw, 1382px\" \/>\t\t\t\t\t\t\t\t\t\t\t\t\t\t\t<\/div>\n\t\t\t\t<\/div>\n\t\t\t\t\t<\/div>\n\t\t<\/div>\n\t\t\t\t\t<\/div>\n\t\t<\/section>\n\t\t\t\t<section class=\"elementor-section elementor-top-section elementor-element elementor-element-65fecbf9 elementor-section-boxed elementor-section-height-default elementor-section-height-default\" data-id=\"65fecbf9\" data-element_type=\"section\">\n\t\t\t\t\t\t<div class=\"elementor-container elementor-column-gap-default\">\n\t\t\t\t\t<div class=\"elementor-column elementor-col-100 elementor-top-column elementor-element elementor-element-4062c02a\" data-id=\"4062c02a\" data-element_type=\"column\">\n\t\t\t<div class=\"elementor-widget-wrap elementor-element-populated\">\n\t\t\t\t\t\t<div class=\"elementor-element elementor-element-071fe9f elementor-widget elementor-widget-heading\" data-id=\"071fe9f\" data-element_type=\"widget\" data-widget_type=\"heading.default\">\n\t\t\t\t<div class=\"elementor-widget-container\">\n\t\t\t\t\t<h2 class=\"elementor-heading-title elementor-size-default\">La vinya de Font Rub\u00ed<\/h2>\t\t\t\t<\/div>\n\t\t\t\t<\/div>\n\t\t\t\t\t<\/div>\n\t\t<\/div>\n\t\t\t\t\t<\/div>\n\t\t<\/section>\n\t\t\t\t<section class=\"elementor-section elementor-top-section elementor-element elementor-element-3aa64df1 elementor-section-stretched elementor-section-boxed elementor-section-height-default elementor-section-height-default\" data-id=\"3aa64df1\" data-element_type=\"section\" data-settings=\"{&quot;stretch_section&quot;:&quot;section-stretched&quot;,&quot;background_background&quot;:&quot;classic&quot;}\">\n\t\t\t\t\t\t\t<div class=\"elementor-background-overlay\"><\/div>\n\t\t\t\t\t\t\t<div class=\"elementor-container elementor-column-gap-default\">\n\t\t\t\t\t<div class=\"elementor-column elementor-col-100 elementor-top-column elementor-element elementor-element-2f96632f\" data-id=\"2f96632f\" data-element_type=\"column\">\n\t\t\t<div class=\"elementor-widget-wrap elementor-element-populated\">\n\t\t\t\t\t\t<div class=\"elementor-element elementor-element-c402ecd elementor-widget elementor-widget-text-editor\" data-id=\"c402ecd\" data-element_type=\"widget\" data-widget_type=\"text-editor.default\">\n\t\t\t\t<div class=\"elementor-widget-container\">\n\t\t\t\t\t        <div class=\"elementor-text-editor elementor-clearfix\">\n          <ul>\n            \n\n            <li><strong><u>Situaci\u00f3<\/u><\/strong>: Alt Pened\u00e8s.<\/li>\n            \n\n            <li><strong><u>Coordenades<\/u><\/strong>: 41o26 &#8216; 29.99 N, 1o34 &#8216; 40.69 &#8216; E<\/li>\n            \n\n            <li><strong><u>Altura<\/u><\/strong>: 511 \u2013 663 metres<\/li>\n            \n\n            <li><strong><u>Estructura del s\u00f2l<\/u><\/strong>: Seri\u00ef Colza, Fassina, Llombardes, Rofes. S\u00f2ls molt profunds i molt ben drenats, textura fina. Regosol, Haplico, Leptosuelo L\u00edtic i Cambisuelo Fl\u00favico.<\/li>\n            \n\n            <li><strong><u>Climatologia<\/u><\/strong>: Clima mediterrani.<\/li>\n            \n\n            <li><strong><u>T\u00ba Mitjana anual<\/u><\/strong>: M\u00e0xima 20,9, M\u00ednima 9,8, Mitjana 15,4.<\/li>\n            \n\n            <li><strong><u>Humitat Mitjana anual<\/u><\/strong>: 64,79<\/li>\n            \n\n            <li><strong><u>Radiaci\u00f3 mitjana anual<\/u><\/strong>: 7,65 h.<\/li>\n            \n\n            <li><strong><u>Pluviometria<\/u><\/strong>: 830 mm.<\/li>\n            \n\n            <li><strong><u>Entorn edafol\u00f2gic<\/u><\/strong>: Terres molt aptes per a vinyes. Envoltades de bosc, en entorn humit. Fauna variada i gran comunitat d&#8217;insectes Entorn molt compensat.<\/li>\n            \n\n            <li><strong><u>Varietats<\/u><\/strong>: Parellada de muntanya, Sauvignon Blanc d&#8217;altura.<\/li>\n            \n\n            <li><strong><u>Dades caracter\u00edstiques<\/u><\/strong>: L&#8217;altura, la maduraci\u00f3 lenta i tardana. La humitat de l&#8217;entorn, l&#8217;amplia biodiversitat.<\/li>\n            \n\n          <\/ul>\n        <\/div>\n        \t\t\t\t<\/div>\n\t\t\t\t<\/div>\n\t\t\t\t\t<\/div>\n\t\t<\/div>\n\t\t\t\t\t<\/div>\n\t\t<\/section>\n\t\t\t\t<section class=\"elementor-section elementor-top-section elementor-element elementor-element-5c8e48c7 elementor-section-stretched elementor-reverse-tablet elementor-reverse-mobile elementor-section-boxed elementor-section-height-default elementor-section-height-default\" data-id=\"5c8e48c7\" data-element_type=\"section\" data-settings=\"{&quot;stretch_section&quot;:&quot;section-stretched&quot;}\">\n\t\t\t\t\t\t<div class=\"elementor-container elementor-column-gap-default\">\n\t\t\t\t\t<div class=\"elementor-column elementor-col-50 elementor-top-column elementor-element elementor-element-6314e423\" data-id=\"6314e423\" data-element_type=\"column\">\n\t\t\t<div class=\"elementor-widget-wrap elementor-element-populated\">\n\t\t\t\t\t\t<div class=\"elementor-element elementor-element-225555b3 elementor-widget elementor-widget-text-editor\" data-id=\"225555b3\" data-element_type=\"widget\" data-widget_type=\"text-editor.default\">\n\t\t\t\t<div class=\"elementor-widget-container\">\n\t\t\t\t\t        <div class=\"elementor-text-editor elementor-clearfix\">\n          <p>\n            <b>Tot ell \u00e9s un ecosistema \u00fanic.<\/b>\n          <\/p>\n          \n\n          <p>M\u00e9s de 290 hect\u00e0rees de bosc conformen aquesta finca. On tot va comen\u00e7ar fa m\u00e9s de 600 anys.<\/p>\n          \n\n          <p>Situada al nord de l&#8217;Alt Pened\u00e8s, en la serralada pre litoral, entre els 525 i els 730 metres d&#8217;altura i orientada cap al sud. Aqu\u00ed tenim m\u00e9s de 10 hect\u00e0rees de vinyes, totes plantades fa molts anys i en llocs triats de la finca per a aconseguir el millor ra\u00efm.<\/p>\n          \n\n          <p><span style=\"font-weight: var( --e-global-typography-text-font-weight );\">Treballem dues varietats<\/span>.<b>Parellada de Muntanya i Sauvignon Blancy<\/b> <span style=\"font-weight: var( --e-global-typography-text-font-weight );\">estem preparant nous terrenys per a plantar fins a 5 hect\u00e0rees m\u00e9s de dues noves varietats en els pr\u00f2xims dos anys.<\/span><br><\/p>\n          \n\n          <p>\n            <span style=\"font-weight: var( --e-global-typography-text-font-weight );\">La parellada de muntanya es troba en parcel\u00b7les petites, entre els 540 i els 650 metres d&#8217;altura, amb bancals i orientades al sud i sud-oest. Sempre sobre una terra de la s\u00e8rie Rofes o Llombardes i envoltada de bosc. Per les caracter\u00edstiques del terreny, altura i clima la parellada acostuma a madurar molt lentament, desenvolupant totes les aromes; Fresca i de gust peculiar, aporta molt bona acidesa als nostres caves.<\/span>\n            <br>\n          <\/p>\n          \n\n          <p>\n            <span style=\"font-weight: var( --e-global-typography-text-font-weight );\">El Sauvignon Blanc est\u00e0 plantat sobre una terra de la S\u00e8rie Colza i Fassina, amb m\u00e9s capacitat de drenatge, a una altura de 675 metres, envoltada de bosc i amb una font que permanentment degota aigua sobre la vinya.<\/span>\n          <\/p>\n        <\/div>\n        \t\t\t\t<\/div>\n\t\t\t\t<\/div>\n\t\t\t\t\t<\/div>\n\t\t<\/div>\n\t\t\t\t<div class=\"elementor-column elementor-col-50 elementor-top-column elementor-element elementor-element-48c10ca5\" data-id=\"48c10ca5\" data-element_type=\"column\" data-settings=\"{&quot;background_background&quot;:&quot;classic&quot;}\">\n\t\t\t<div class=\"elementor-widget-wrap elementor-element-populated\">\n\t\t\t\t\t\t<div class=\"elementor-element elementor-element-322da39 elementor-widget elementor-widget-image\" data-id=\"322da39\" data-element_type=\"widget\" data-widget_type=\"image.default\">\n\t\t\t\t<div class=\"elementor-widget-container\">\n\t\t\t\t\t\t\t\t\t\t\t\t\t\t\t<img decoding=\"async\" width=\"600\" height=\"450\" src=\"https:\/\/www.jfortunyfabregas.com\/wp-content\/uploads\/2020\/06\/fontrubi-2-1024x768.png\" class=\"attachment-large size-large wp-image-5793\" alt=\"\" srcset=\"https:\/\/www.jfortunyfabregas.com\/wp-content\/uploads\/2020\/06\/fontrubi-2-1024x768.png 1024w, https:\/\/www.jfortunyfabregas.com\/wp-content\/uploads\/2020\/06\/fontrubi-2-500x375.png 500w, https:\/\/www.jfortunyfabregas.com\/wp-content\/uploads\/2020\/06\/fontrubi-2-300x225.png 300w, https:\/\/www.jfortunyfabregas.com\/wp-content\/uploads\/2020\/06\/fontrubi-2-768x576.png 768w, https:\/\/www.jfortunyfabregas.com\/wp-content\/uploads\/2020\/06\/fontrubi-2-1536x1152.png 1536w, https:\/\/www.jfortunyfabregas.com\/wp-content\/uploads\/2020\/06\/fontrubi-2-2048x1536.png 2048w, https:\/\/www.jfortunyfabregas.com\/wp-content\/uploads\/2020\/06\/fontrubi-2-700x525.png 700w, https:\/\/www.jfortunyfabregas.com\/wp-content\/uploads\/2020\/06\/fontrubi-2-105x79.png 105w\" sizes=\"(max-width: 600px) 100vw, 600px\" \/>\t\t\t\t\t\t\t\t\t\t\t\t\t\t\t<\/div>\n\t\t\t\t<\/div>\n\t\t\t\t\t<\/div>\n\t\t<\/div>\n\t\t\t\t\t<\/div>\n\t\t<\/section>\n\t\t\t\t<section class=\"elementor-section elementor-top-section elementor-element elementor-element-a60edcd elementor-section-full_width elementor-section-stretched elementor-section-height-default elementor-section-height-default\" data-id=\"a60edcd\" data-element_type=\"section\" data-settings=\"{&quot;stretch_section&quot;:&quot;section-stretched&quot;,&quot;background_background&quot;:&quot;classic&quot;}\">\n\t\t\t\t\t\t<div class=\"elementor-container elementor-column-gap-default\">\n\t\t\t\t\t<div class=\"elementor-column elementor-col-100 elementor-top-column elementor-element elementor-element-b9bb122\" data-id=\"b9bb122\" data-element_type=\"column\">\n\t\t\t<div class=\"elementor-widget-wrap elementor-element-populated\">\n\t\t\t\t\t\t<section class=\"elementor-section elementor-inner-section elementor-element elementor-element-7bc446d elementor-section-boxed elementor-section-height-default elementor-section-height-default\" data-id=\"7bc446d\" data-element_type=\"section\">\n\t\t\t\t\t\t<div class=\"elementor-container elementor-column-gap-default\">\n\t\t\t\t\t<div class=\"elementor-column elementor-col-100 elementor-inner-column elementor-element elementor-element-faca257\" data-id=\"faca257\" data-element_type=\"column\">\n\t\t\t<div class=\"elementor-widget-wrap elementor-element-populated\">\n\t\t\t\t\t\t<div class=\"elementor-element elementor-element-95174ff elementor-widget elementor-widget-heading\" data-id=\"95174ff\" data-element_type=\"widget\" data-widget_type=\"heading.default\">\n\t\t\t\t<div class=\"elementor-widget-container\">\n\t\t\t\t\t<h4 class=\"elementor-heading-title elementor-size-default\">Volem aconseguir un Sauvignon m\u00e9s semblant al franc\u00e8s, fresc, arom\u00e0tic, de maduraci\u00f3 tardana i lenta amb aromes de fruita (pinya i mel\u00f3), florals (flor del taronger), Herbacis (a herba segada) i Vegetatius com l'olor d'olives verdes o pebrots verds.<\/h4>\t\t\t\t<\/div>\n\t\t\t\t<\/div>\n\t\t\t\t\t<\/div>\n\t\t<\/div>\n\t\t\t\t\t<\/div>\n\t\t<\/section>\n\t\t\t\t\t<\/div>\n\t\t<\/div>\n\t\t\t\t\t<\/div>\n\t\t<\/section>\n\t\t\t\t<\/div>\n\t\t","protected":false},"excerpt":{"rendered":"<p>La vinya de Font Rub\u00ed Situaci\u00f3: Alt Pened\u00e8s. Coordenades: 41o26 &#8216; 29.99 N, 1o34 &#8216; 40.69 &#8216; E Altura: 511 \u2013 663 metres Estructura del s\u00f2l: Seri\u00ef Colza, Fassina, Llombardes, Rofes. S\u00f2ls molt profunds i molt ben drenats, textura fina. Regosol, Haplico, Leptosuelo L\u00edtic i Cambisuelo Fl\u00favico. Climatologia: Clima mediterrani. T\u00ba Mitjana anual: M\u00e0xima 20,9, &hellip; <\/p>\n<p class=\"link-more\"><a href=\"https:\/\/www.jfortunyfabregas.com\/ca\/la-terra\/la-vinya-de-font-rubi\/\" class=\"more-link\">Read More <span class=\"screen-reader-text\"> &#8220;La vinya de Font Rub\u00ed&#8221;<\/span><\/a><\/p>\n","protected":false},"author":99,"featured_media":0,"parent":11592,"menu_order":0,"comment_status":"closed","ping_status":"closed","template":"","meta":{"_eb_attr":"","footnotes":""},"class_list":["post-11639","page","type-page","status-publish","hentry"],"_links":{"self":[{"href":"https:\/\/www.jfortunyfabregas.com\/ca\/wp-json\/wp\/v2\/pages\/11639","targetHints":{"allow":["GET"]}}],"collection":[{"href":"https:\/\/www.jfortunyfabregas.com\/ca\/wp-json\/wp\/v2\/pages"}],"about":[{"href":"https:\/\/www.jfortunyfabregas.com\/ca\/wp-json\/wp\/v2\/types\/page"}],"author":[{"embeddable":true,"href":"https:\/\/www.jfortunyfabregas.com\/ca\/wp-json\/wp\/v2\/users\/99"}],"replies":[{"embeddable":true,"href":"https:\/\/www.jfortunyfabregas.com\/ca\/wp-json\/wp\/v2\/comments?post=11639"}],"version-history":[{"count":0,"href":"https:\/\/www.jfortunyfabregas.com\/ca\/wp-json\/wp\/v2\/pages\/11639\/revisions"}],"up":[{"embeddable":true,"href":"https:\/\/www.jfortunyfabregas.com\/ca\/wp-json\/wp\/v2\/pages\/11592"}],"wp:attachment":[{"href":"https:\/\/www.jfortunyfabregas.com\/ca\/wp-json\/wp\/v2\/media?parent=11639"}],"curies":[{"name":"wp","href":"https:\/\/api.w.org\/{rel}","templated":true}]}}