{"id":11520,"date":"2023-11-24T11:12:35","date_gmt":"2023-11-24T11:12:35","guid":{"rendered":"https:\/\/www.jfortunyfabregas.com\/origenes\/documento-de-cabrebacion-1682\/"},"modified":"2023-12-18T09:06:54","modified_gmt":"2023-12-18T08:06:54","slug":"document-de-capbrevacio-1682","status":"publish","type":"page","link":"https:\/\/www.jfortunyfabregas.com\/ca\/origens\/document-de-capbrevacio-1682\/","title":{"rendered":"Document de Capbrevacio. 1682"},"content":{"rendered":"\t\t<div data-elementor-type=\"wp-page\" data-elementor-id=\"11520\" class=\"elementor elementor-11520 elementor-8610\" data-elementor-post-type=\"page\">\n\t\t\t\t\t\t<section class=\"elementor-section elementor-top-section elementor-element elementor-element-519a3079 elementor-section-boxed elementor-section-height-default elementor-section-height-default\" data-id=\"519a3079\" data-element_type=\"section\">\n\t\t\t\t\t\t<div class=\"elementor-container elementor-column-gap-default\">\n\t\t\t\t\t<div class=\"elementor-column elementor-col-100 elementor-top-column elementor-element elementor-element-24619fa1\" data-id=\"24619fa1\" data-element_type=\"column\">\n\t\t\t<div class=\"elementor-widget-wrap elementor-element-populated\">\n\t\t\t\t\t\t<div class=\"elementor-element elementor-element-1db2b08 elementor-widget elementor-widget-heading\" data-id=\"1db2b08\" data-element_type=\"widget\" data-widget_type=\"heading.default\">\n\t\t\t\t<div class=\"elementor-widget-container\">\n\t\t\t\t\t<h2 class=\"elementor-heading-title elementor-size-default\">Document de Capbrevacio. 1682<\/h2>\t\t\t\t<\/div>\n\t\t\t\t<\/div>\n\t\t\t\t\t<\/div>\n\t\t<\/div>\n\t\t\t\t\t<\/div>\n\t\t<\/section>\n\t\t\t\t<section class=\"elementor-section elementor-top-section elementor-element elementor-element-71012529 elementor-section-stretched elementor-section-boxed elementor-section-height-default elementor-section-height-default\" data-id=\"71012529\" data-element_type=\"section\" data-settings=\"{&quot;stretch_section&quot;:&quot;section-stretched&quot;}\">\n\t\t\t\t\t\t<div class=\"elementor-container elementor-column-gap-default\">\n\t\t\t\t\t<div class=\"elementor-column elementor-col-100 elementor-top-column elementor-element elementor-element-32bc591c\" data-id=\"32bc591c\" data-element_type=\"column\">\n\t\t\t<div class=\"elementor-widget-wrap elementor-element-populated\">\n\t\t\t\t\t\t<div class=\"elementor-element elementor-element-3b527392 elementor-widget elementor-widget-image\" data-id=\"3b527392\" data-element_type=\"widget\" data-widget_type=\"image.default\">\n\t\t\t\t<div class=\"elementor-widget-container\">\n\t\t\t\t\t\t\t\t\t\t\t\t\t\t\t<img decoding=\"async\" src=\"https:\/\/www.jfortunyfabregas.com\/wp-content\/uploads\/2020\/09\/img-doc_capbrevacio.jpg\" title=\"\" alt=\"\" loading=\"lazy\" \/>\t\t\t\t\t\t\t\t\t\t\t\t\t\t\t<\/div>\n\t\t\t\t<\/div>\n\t\t\t\t<div class=\"elementor-element elementor-element-3b2b9eab elementor-widget elementor-widget-text-editor\" data-id=\"3b2b9eab\" data-element_type=\"widget\" data-widget_type=\"text-editor.default\">\n\t\t\t\t<div class=\"elementor-widget-container\">\n\t\t\t\t\t        <div class=\"elementor-text-editor elementor-clearfix\"><p>Document de Capbrevaci\u00f3 signat en 1682 on el Sr. Jaume Casanellas a petici\u00f3 del propietari afirma que les terres que conreava en Fontrubia no s\u00f3n d&#8217;ell, sin\u00f3 del Sr. F\u00e0bregas.<\/p>\n<\/p>\n<p><u><b>Definici\u00f3 de capbrevaci\u00f3<\/b><\/u>: Reconeixement del Domini que el Senyor Emphyteuta havia interessat a provar la subsist\u00e8ncia dels seus drets o a esbrinar si hi havia hagut transmissions que havien de pagar brillantor a la seva costa i en escriptura p\u00fablica.<\/p>\n<\/p>\n<p>\n            <a href=\"https:\/\/www.enciclopedia.cat\/ec-gec-0088073.xml\" target=\"_blank\" rel=\"noopener\">https:\/\/www.enciclopedia.cat\/ec-gec-0088073.xml<\/a>\n          <\/p>\n<\/div>\n        \t\t\t\t<\/div>\n\t\t\t\t<\/div>\n\t\t\t\t\t<\/div>\n\t\t<\/div>\n\t\t\t\t\t<\/div>\n\t\t<\/section>\n\t\t\t\t<\/div>\n\t\t","protected":false},"excerpt":{"rendered":"<p>Document de Capbrevacio. 1682 Document de Capbrevaci\u00f3 signat en 1682 on el Sr. Jaume Casanellas a petici\u00f3 del propietari afirma que les terres que conreava en Fontrubia no s\u00f3n d&#8217;ell, sin\u00f3 del Sr. F\u00e0bregas. Definici\u00f3 de capbrevaci\u00f3: Reconeixement del Domini que el Senyor Emphyteuta havia interessat a provar la subsist\u00e8ncia dels seus drets o a &hellip; <\/p>\n<p class=\"link-more\"><a href=\"https:\/\/www.jfortunyfabregas.com\/ca\/origens\/document-de-capbrevacio-1682\/\" class=\"more-link\">Read More <span class=\"screen-reader-text\"> &#8220;Document de Capbrevacio. 1682&#8221;<\/span><\/a><\/p>\n","protected":false},"author":99,"featured_media":0,"parent":11489,"menu_order":0,"comment_status":"closed","ping_status":"closed","template":"","meta":{"_eb_attr":"","footnotes":""},"class_list":["post-11520","page","type-page","status-publish","hentry"],"_links":{"self":[{"href":"https:\/\/www.jfortunyfabregas.com\/ca\/wp-json\/wp\/v2\/pages\/11520","targetHints":{"allow":["GET"]}}],"collection":[{"href":"https:\/\/www.jfortunyfabregas.com\/ca\/wp-json\/wp\/v2\/pages"}],"about":[{"href":"https:\/\/www.jfortunyfabregas.com\/ca\/wp-json\/wp\/v2\/types\/page"}],"author":[{"embeddable":true,"href":"https:\/\/www.jfortunyfabregas.com\/ca\/wp-json\/wp\/v2\/users\/99"}],"replies":[{"embeddable":true,"href":"https:\/\/www.jfortunyfabregas.com\/ca\/wp-json\/wp\/v2\/comments?post=11520"}],"version-history":[{"count":0,"href":"https:\/\/www.jfortunyfabregas.com\/ca\/wp-json\/wp\/v2\/pages\/11520\/revisions"}],"up":[{"embeddable":true,"href":"https:\/\/www.jfortunyfabregas.com\/ca\/wp-json\/wp\/v2\/pages\/11489"}],"wp:attachment":[{"href":"https:\/\/www.jfortunyfabregas.com\/ca\/wp-json\/wp\/v2\/media?parent=11520"}],"curies":[{"name":"wp","href":"https:\/\/api.w.org\/{rel}","templated":true}]}}